{"id":13,"date":"2025-02-15T08:04:55","date_gmt":"2025-02-15T08:04:55","guid":{"rendered":"https:\/\/mitaoforecast-africa.com\/?page_id=13"},"modified":"2025-02-17T05:29:41","modified_gmt":"2025-02-17T05:29:41","slug":"about","status":"publish","type":"page","link":"https:\/\/mitaoforecast-africa.com\/index.php\/about\/","title":{"rendered":"A propos"},"content":{"rendered":"\n<p><\/p>\n\n\n\n<div class=\"wp-block-media-text alignwide is-stacked-on-mobile is-vertically-aligned-center is-image-fill-element\" style=\"grid-template-columns:56% auto\"><figure class=\"wp-block-media-text__media\"><img fetchpriority=\"high\" decoding=\"async\" width=\"304\" height=\"277\" src=\"https:\/\/mitaoforecast-africa.com\/wp-content\/uploads\/2025\/02\/Cyclonique-1.jpg\" alt=\"\" class=\"wp-image-84 size-full\" style=\"object-position:50% 50%\" srcset=\"https:\/\/mitaoforecast-africa.com\/wp-content\/uploads\/2025\/02\/Cyclonique-1.jpg 304w, https:\/\/mitaoforecast-africa.com\/wp-content\/uploads\/2025\/02\/Cyclonique-1-300x273.jpg 300w\" sizes=\"(max-width: 304px) 100vw, 304px\" \/><\/figure><div class=\"wp-block-media-text__content\">\n<h2 class=\"wp-block-heading has-text-color\" style=\"color:#000000;font-size:clamp(20px, 1.25rem + ((1vw - 3.2px) * 1.463), 32px);\"><strong><strong>MADAGASCAR, UN PAYS FORTEMENT VULN\u00c9RABLE AUX CHANGEMENTS CLIMATIQUES<\/strong> <\/strong><\/h2>\n\n\n\n<p class=\"has-text-color\" style=\"color:#000000;font-size:clamp(14px, 0.875rem + ((1vw - 3.2px) * 0.366), 17px);\">Madagascar est un joyau de biodiversit\u00e9 et une destination touristique pris\u00e9e. Pourtant, le pays est confront\u00e9 \u00e0 une vuln\u00e9rabilit\u00e9 croissante aux al\u00e9as climatiques, impactant non seulement l\u2019environnement, mais aussi les communaut\u00e9s et les secteurs \u00e9conomiques cl\u00e9s, dont le tourisme<\/p>\n<\/div><\/div>\n\n\n\n<div class=\"wp-block-group alignfull has-background is-layout-flow wp-block-group-is-layout-flow\" style=\"background-color:#fffdf2;padding-top:6vw;padding-right:6vw;padding-bottom:6vw;padding-left:6vw\">\n<div class=\"wp-block-group is-vertical is-nowrap is-layout-flex wp-container-core-group-is-layout-36fd9ea3 wp-block-group-is-layout-flex\" style=\"padding-right:0;padding-left:0\">\n<h2 class=\"wp-block-heading has-text-color\" id=\"ecosystem\" style=\"color:#000000;font-size:clamp(18.959px, 1.185rem + ((1vw - 3.2px) * 1.346), 30px);\">NOTRE SOLUTION PHARE<\/h2>\n\n\n\n<p class=\"has-text-color\" style=\"color:#000000;font-size:6vw;font-style:normal;font-weight:700;letter-spacing:0px;line-height:0.9;text-decoration:none;text-transform:none\">SYST\u00c8ME D\u2019ALERTE PRECOCE POUR LA PECHE<br>.<\/p>\n<\/div>\n\n\n\n<div style=\"height:1vw\" aria-hidden=\"true\" class=\"wp-block-spacer\"><\/div>\n\n\n\n<div class=\"wp-block-group alignwide is-vertical is-nowrap is-layout-flex wp-container-core-group-is-layout-7946b6b8 wp-block-group-is-layout-flex\" style=\"padding-top:0;padding-right:0;padding-bottom:0;padding-left:0\">\n<div class=\"wp-block-columns alignwide is-layout-flex wp-container-core-columns-is-layout-21b20327 wp-block-columns-is-layout-flex\">\n<div class=\"wp-block-column is-layout-flow wp-block-column-is-layout-flow\" style=\"flex-basis:33.38%\">\n<h1 class=\"wp-block-heading has-text-color\" style=\"color:#000000;font-size:clamp(18.959px, 1.185rem + ((1vw - 3.2px) * 1.346), 30px);\"><strong>Mitao Forecast, un syst\u00e8me d\u2019alerte pr\u00e9coce pour la p\u00eache<\/strong><\/h1>\n\n\n\n<p class=\"has-kenta-base-color has-text-color has-link-color wp-elements-e8f7a7ff8988e28dc1e8c2b52b6dc0c9\">Optimisation des sorties en mer et s\u00e9curisation des p\u00eacheurs en minimisant les pertes en mer.<\/p>\n\n\n\n<p class=\"has-kenta-base-color has-text-color has-link-color wp-elements-d612d8e31ad8af66c005bf1312dc6d27\">Aide \u00e0 la planification budg\u00e9taire et de tr\u00e9sorerie pour les m\u00e9nages des p\u00eacheurs, r\u00e9duisant les pertes \u00e9conomiques.<\/p>\n\n\n\n<p class=\"has-kenta-base-color has-text-color\" style=\"font-size:clamp(14px, 0.875rem + ((1vw - 3.2px) * 0.366), 17px);\">Soutien aux entreprises, coop\u00e9ratives et d\u00e9cideurs via des donn\u00e9es sur la saisonnalit\u00e9, les risques climatiques et les opportunit\u00e9s d\u2019investissement.<\/p>\n\n\n\n<p class=\"has-kenta-base-color has-text-color has-link-color wp-elements-4193a728b23c8da8e5458de1df03b8fb\">Indications pr\u00e9cises sur les zones de p\u00eache optimales, bas\u00e9es sur l\u2019analyse des vents et des courants marins.<\/p>\n<\/div>\n\n\n\n<div class=\"wp-block-column is-layout-flow wp-block-column-is-layout-flow\" style=\"flex-basis:33%\">\n<div style=\"height:2vw\" aria-hidden=\"true\" class=\"wp-block-spacer\"><\/div>\n\n\n\n<figure class=\"wp-block-image size-full is-resized\"><img decoding=\"async\" width=\"589\" height=\"442\" src=\"https:\/\/mitaoforecast-africa.com\/wp-content\/uploads\/2025\/02\/Communaute.png\" alt=\"\" class=\"wp-image-87\" style=\"width:386px;height:auto\" srcset=\"https:\/\/mitaoforecast-africa.com\/wp-content\/uploads\/2025\/02\/Communaute.png 589w, https:\/\/mitaoforecast-africa.com\/wp-content\/uploads\/2025\/02\/Communaute-300x225.png 300w\" sizes=\"(max-width: 589px) 100vw, 589px\" \/><\/figure>\n<\/div>\n\n\n\n<div class=\"wp-block-column is-layout-flow wp-block-column-is-layout-flow\" style=\"flex-basis:33.62%\">\n<figure class=\"wp-block-image size-full\"><img decoding=\"async\" width=\"529\" height=\"875\" src=\"https:\/\/mitaoforecast-africa.com\/wp-content\/uploads\/2025\/02\/Pre.png\" alt=\"\" class=\"wp-image-91\" srcset=\"https:\/\/mitaoforecast-africa.com\/wp-content\/uploads\/2025\/02\/Pre.png 529w, https:\/\/mitaoforecast-africa.com\/wp-content\/uploads\/2025\/02\/Pre-181x300.png 181w\" sizes=\"(max-width: 529px) 100vw, 529px\" \/><\/figure>\n<\/div>\n<\/div>\n\n\n\n<div class=\"wp-block-columns alignwide is-layout-flex wp-container-core-columns-is-layout-c24efe4f wp-block-columns-is-layout-flex\">\n<div class=\"wp-block-column is-layout-flow wp-block-column-is-layout-flow\" style=\"flex-basis:69%\">\n<figure class=\"wp-block-image size-full is-resized\"><img loading=\"lazy\" decoding=\"async\" width=\"589\" height=\"438\" src=\"https:\/\/mitaoforecast-africa.com\/wp-content\/uploads\/2025\/02\/4.png\" alt=\"\" class=\"wp-image-92\" style=\"width:607px;height:auto\" srcset=\"https:\/\/mitaoforecast-africa.com\/wp-content\/uploads\/2025\/02\/4.png 589w, https:\/\/mitaoforecast-africa.com\/wp-content\/uploads\/2025\/02\/4-300x223.png 300w\" sizes=\"(max-width: 589px) 100vw, 589px\" \/><\/figure>\n<\/div>\n\n\n\n<div class=\"wp-block-column is-vertically-aligned-center is-layout-flow wp-block-column-is-layout-flow\" style=\"flex-basis:33%\">\n<div style=\"height:2vw\" aria-hidden=\"true\" class=\"wp-block-spacer\"><\/div>\n\n\n\n<p class=\"has-text-color\" style=\"color:#000000;margin-right:0;margin-left:0;font-size:clamp(14px, 0.875rem + ((1vw - 3.2px) * 0.366), 17px);line-height:1.4\">Mitao Forecast Africa r\u00e9volutionne la gestion des risques li\u00e9s aux conditions m\u00e9t\u00e9orologiques \u00e0 Madagascar gr\u00e2ce \u00e0 un Syst\u00e8me d\u2019Alerte Pr\u00e9coce de Proximit\u00e9 (SAPP). En combinant des donn\u00e9es m\u00e9t\u00e9orologiques avanc\u00e9es et l\u2019intelligence artificielle, Mitao anticipe les \u00e9volutions \u00e0 court terme pour prot\u00e9ger les populations et am\u00e9liorer la planification des activit\u00e9s de p\u00eache et d\u2019agriculture. Face aux changements brusques des conditions m\u00e9t\u00e9orologiques, cet outil s\u2019inscrit \u00e9galement dans une d\u00e9marche d\u2019adaptation au changement climatique, permettant aux communaut\u00e9s de mieux se pr\u00e9parer et de r\u00e9duire leur vuln\u00e9rabilit\u00e9<\/p>\n<\/div>\n<\/div>\n<\/div>\n\n\n\n<p class=\"has-text-align-center\"><\/p>\n\n\n\n<p class=\"has-text-align-center has-6-x-large-font-size\"><\/p>\n<\/div>\n\n\n<div class=\"align wp-block-atb-animated-text\" id='atbAnimatedText-1' data-attributes='{&quot;content&quot;:&quot;ANTICIPER ET AGIR&quot;,&quot;typography&quot;:{&quot;fontSize&quot;:{&quot;desktop&quot;:62,&quot;tablet&quot;:20,&quot;mobile&quot;:18},&quot;fontWeight&quot;:100,&quot;fontVariant&quot;:&quot;100&quot;,&quot;textTransform&quot;:&quot;none&quot;},&quot;color&quot;:&quot;rgba(255, 255, 255, 1)&quot;,&quot;align&quot;:&quot;&quot;,&quot;options&quot;:{&quot;theme&quot;:&quot;default&quot;},&quot;loop&quot;:true,&quot;animateIn&quot;:&quot;char&quot;,&quot;inEffect&quot;:&quot;fadeInLeftBig&quot;,&quot;inSequence&quot;:&quot;default&quot;,&quot;outEffect&quot;:&quot;rollOut&quot;,&quot;outSequence&quot;:&quot;shuffle&quot;,&quot;alignment&quot;:&quot;center&quot;,&quot;textAlign&quot;:&quot;center&quot;,&quot;background&quot;:{&quot;color&quot;:&quot;#0000&quot;},&quot;textAlignment&quot;:&quot;center&quot;,&quot;padding&quot;:{&quot;vertical&quot;:&quot;15px&quot;,&quot;horizontal&quot;:&quot;15px&quot;},&quot;border&quot;:{&quot;radius&quot;:&quot;5px&quot;},&quot;animatedSize&quot;:{&quot;width&quot;:{&quot;desktop&quot;:&quot;100%&quot;,&quot;tablet&quot;:&quot;&quot;,&quot;mobile&quot;:&quot;&quot;},&quot;height&quot;:{&quot;desktop&quot;:&quot;500px&quot;,&quot;tablet&quot;:&quot;&quot;,&quot;mobile&quot;:&quot;&quot;}},&quot;repeat&quot;:true,&quot;gsapAnimation&quot;:{&quot;animationSpeed&quot;:30,&quot;perspectiveDepth&quot;:500,&quot;enableOscillation&quot;:true,&quot;repeatBehavior&quot;:-1,&quot;repeatDelay&quot;:2,&quot;animationEffect&quot;:&quot;default&quot;,&quot;autoRepeat&quot;:true,&quot;transformOrigin&quot;:400,&quot;randomColor&quot;:false,&quot;isTextShadow&quot;:false,&quot;textShadow&quot;:[{&quot;blur&quot;:&quot;19px&quot;,&quot;color&quot;:&quot;rgba(39, 195, 130, 1)&quot;,&quot;hOffset&quot;:&quot;4px&quot;,&quot;isInset&quot;:false,&quot;spreed&quot;:&quot;0px&quot;,&quot;vOffset&quot;:&quot;1px&quot;}],&quot;fontStretch&quot;:&quot;200%&quot;,&quot;animationDuration&quot;:1,&quot;waveEffect&quot;:25,&quot;easeType&quot;:&quot;elastic(0.3, 0.2)&quot;,&quot;scaleX&quot;:1.5,&quot;scaleY&quot;:0.200000000000000011102230246251565404236316680908203125,&quot;typingSpeed&quot;:100,&quot;reStartTime&quot;:1000,&quot;animateType&quot;:&quot;glitch&quot;}}'><\/div>\n\n\n<div class=\"wp-block-media-text alignfull has-media-on-the-right is-stacked-on-mobile is-vertically-aligned-center is-style-default\" style=\"grid-template-columns:auto 56%\"><div class=\"wp-block-media-text__content\">\n<h2 class=\"wp-block-heading has-text-color\" style=\"color:#000000\"><strong>Principe de fonctionnement<\/strong><\/h2>\n\n\n\n<p class=\"has-text-color\" style=\"color:#636363;font-size:clamp(14px, 0.875rem + ((1vw - 3.2px) * 0.366), 17px);line-height:1.1\"><\/p>\n<\/div><figure class=\"wp-block-media-text__media\"><img loading=\"lazy\" decoding=\"async\" width=\"1024\" height=\"576\" src=\"https:\/\/mitaoforecast-africa.com\/wp-content\/uploads\/2025\/02\/Slide1-1024x576.jpg\" alt=\"\" class=\"wp-image-100 size-full\" srcset=\"https:\/\/mitaoforecast-africa.com\/wp-content\/uploads\/2025\/02\/Slide1-1024x576.jpg 1024w, https:\/\/mitaoforecast-africa.com\/wp-content\/uploads\/2025\/02\/Slide1-300x169.jpg 300w, https:\/\/mitaoforecast-africa.com\/wp-content\/uploads\/2025\/02\/Slide1-768x432.jpg 768w, https:\/\/mitaoforecast-africa.com\/wp-content\/uploads\/2025\/02\/Slide1.jpg 1280w\" sizes=\"(max-width: 1024px) 100vw, 1024px\" \/><\/figure><\/div>\n\n\n\n<p><\/p>\n\n\n\n<p><\/p>\n\n\n\n<p><\/p>\n\n\n\n<p><\/p>\n\n\n\n<div class=\"wp-block-query alignfull is-layout-flow wp-block-query-is-layout-flow\">\n<div class=\"wp-block-group alignfull is-layout-flow wp-block-group-is-layout-flow\" style=\"padding-top:0;padding-right:0;padding-bottom:0;padding-left:0\"><ul style=\"text-transform:none;\" class=\"wp-block-post-template is-layout-flow wp-block-post-template-is-layout-flow\"><li class=\"wp-block-post post-148 post type-post status-publish format-standard has-post-thumbnail hentry category-impact-social\">\n\n<div class=\"wp-block-group is-layout-flow wp-block-group-is-layout-flow\" style=\"border-bottom-color:var(--wp--preset--color--contrast);border-bottom-width:1px\">\n<div class=\"wp-block-group is-content-justification-space-between is-nowrap is-layout-flex wp-container-core-group-is-layout-dd9de04e wp-block-group-is-layout-flex\" style=\"padding-top:16px;padding-right:16px;padding-bottom:16px;padding-left:16px\">\n<div class=\"wp-block-group is-nowrap is-layout-flex wp-container-core-group-is-layout-89a94f6a wp-block-group-is-layout-flex\">\n<p>\u2734\ufe0e<\/p>\n\n\n<div style=\"text-transform:uppercase; margin-top:0;margin-right:0;margin-bottom:0;margin-left:0;\" class=\"has-text-align-left has-link-color wp-elements-4003f76eccbf507a9e3d7e84a42ea154 wp-block-post-date has-text-color has-contrast-color has-small-font-size\"><time datetime=\"2025-02-16T09:05:47+00:00\">F\u00e9v 16, 2025<\/time><\/div><\/div>\n\n\n<div style=\"text-transform:uppercase\" class=\"taxonomy-category has-link-color wp-elements-d846021732facad792835971f80af878 wp-block-post-terms has-text-color has-contrast-color\"><span class=\"wp-block-post-terms__prefix\">\u2734\ufe0e <\/span><a href=\"https:\/\/mitaoforecast-africa.com\/index.php\/category\/impact-social\/\" rel=\"tag\">Impact Social<\/a><\/div><\/div>\n<\/div>\n\n\n\n<div class=\"wp-block-group is-vertical is-layout-flex wp-container-core-group-is-layout-4bcb09c9 wp-block-group-is-layout-flex\" style=\"padding-top:16px;padding-right:16px;padding-bottom:var(--wp--preset--spacing--70);padding-left:16px\"><h2 style=\"font-size:clamp(2.712rem, 2.712rem + ((1vw - 0.2rem) * 4.855), 5.2rem);font-style:normal;font-weight:500;line-height:1.1;text-transform:uppercase; margin-top:0;margin-right:0;margin-bottom:0;margin-left:0;\" class=\"has-link-color wp-elements-eba6f7f6e0a9160611aa886fe4e31449 wp-block-post-title has-text-color has-contrast-color\"><a href=\"https:\/\/mitaoforecast-africa.com\/index.php\/2025\/02\/16\/148\/\" target=\"_self\" >MITAO FORECAST AFRICA<\/a><\/h2><\/div>\n\n<\/li><li class=\"wp-block-post post-1 post type-post status-publish format-standard hentry category-impact-social\">\n\n<div class=\"wp-block-group is-layout-flow wp-block-group-is-layout-flow\" style=\"border-bottom-color:var(--wp--preset--color--contrast);border-bottom-width:1px\">\n<div class=\"wp-block-group is-content-justification-space-between is-nowrap is-layout-flex wp-container-core-group-is-layout-dd9de04e wp-block-group-is-layout-flex\" style=\"padding-top:16px;padding-right:16px;padding-bottom:16px;padding-left:16px\">\n<div class=\"wp-block-group is-nowrap is-layout-flex wp-container-core-group-is-layout-89a94f6a wp-block-group-is-layout-flex\">\n<p>\u2734\ufe0e<\/p>\n\n\n<div style=\"text-transform:uppercase; margin-top:0;margin-right:0;margin-bottom:0;margin-left:0;\" class=\"has-text-align-left has-link-color wp-elements-4003f76eccbf507a9e3d7e84a42ea154 wp-block-post-date has-text-color has-contrast-color has-small-font-size\"><time datetime=\"2025-02-15T07:44:24+00:00\">F\u00e9v 15, 2025<\/time><\/div><\/div>\n\n\n<div style=\"text-transform:uppercase\" class=\"taxonomy-category has-link-color wp-elements-d846021732facad792835971f80af878 wp-block-post-terms has-text-color has-contrast-color\"><span class=\"wp-block-post-terms__prefix\">\u2734\ufe0e <\/span><a href=\"https:\/\/mitaoforecast-africa.com\/index.php\/category\/impact-social\/\" rel=\"tag\">Impact Social<\/a><\/div><\/div>\n<\/div>\n\n\n\n<div class=\"wp-block-group is-vertical is-layout-flex wp-container-core-group-is-layout-4bcb09c9 wp-block-group-is-layout-flex\" style=\"padding-top:16px;padding-right:16px;padding-bottom:var(--wp--preset--spacing--70);padding-left:16px\"><h2 style=\"font-size:clamp(2.712rem, 2.712rem + ((1vw - 0.2rem) * 4.855), 5.2rem);font-style:normal;font-weight:500;line-height:1.1;text-transform:uppercase; margin-top:0;margin-right:0;margin-bottom:0;margin-left:0;\" class=\"has-link-color wp-elements-eba6f7f6e0a9160611aa886fe4e31449 wp-block-post-title has-text-color has-contrast-color\"><a href=\"https:\/\/mitaoforecast-africa.com\/index.php\/2025\/02\/15\/hello-world\/\" target=\"_self\" >SALAMA !<\/a><\/h2><\/div>\n\n<\/li><\/ul><\/div>\n\n\n\n<div class=\"wp-block-group is-layout-flow wp-block-group-is-layout-flow\" style=\"margin-top:0;margin-bottom:0;padding-top:var(--wp--preset--spacing--30);padding-right:16px;padding-bottom:var(--wp--preset--spacing--30);padding-left:16px\"><\/div>\n<\/div>\n","protected":false},"excerpt":{"rendered":"<p>MADAGASCAR, UN PAYS FORTEMENT VULN\u00c9RABLE AUX CHANGEMENTS CLIMATIQUES Madagascar est un joyau de biodiversit\u00e9 et une destination touristique pris\u00e9e. Pourtant, le pays est confront\u00e9 \u00e0 une vuln\u00e9rabilit\u00e9 croissante aux al\u00e9as climatiques, impactant non seulement l\u2019environnement, mais aussi les communaut\u00e9s et les secteurs \u00e9conomiques cl\u00e9s, dont le tourisme NOTRE SOLUTION PHARE SYST\u00c8ME D\u2019ALERTE PRECOCE POUR LA [&hellip;]<\/p>\n","protected":false},"author":1,"featured_media":0,"parent":0,"menu_order":0,"comment_status":"closed","ping_status":"closed","template":"","meta":{"site-container-style":"default","site-container-layout":"default","site-sidebar-layout":"default","site-transparent-header":"default","disable-article-header":"default","disable-site-header":"default","disable-site-footer":"default","disable-content-area-spacing":"default","footnotes":""},"class_list":["post-13","page","type-page","status-publish","hentry"],"wpmagazine_modules_lite_featured_media_urls":{"thumbnail":"","cvmm-medium":"","cvmm-medium-plus":"","cvmm-portrait":"","cvmm-medium-square":"","cvmm-large":"","cvmm-small":"","full":""},"categories_names":null,"comments_number":"0","_links":{"self":[{"href":"https:\/\/mitaoforecast-africa.com\/index.php\/wp-json\/wp\/v2\/pages\/13","targetHints":{"allow":["GET"]}}],"collection":[{"href":"https:\/\/mitaoforecast-africa.com\/index.php\/wp-json\/wp\/v2\/pages"}],"about":[{"href":"https:\/\/mitaoforecast-africa.com\/index.php\/wp-json\/wp\/v2\/types\/page"}],"author":[{"embeddable":true,"href":"https:\/\/mitaoforecast-africa.com\/index.php\/wp-json\/wp\/v2\/users\/1"}],"replies":[{"embeddable":true,"href":"https:\/\/mitaoforecast-africa.com\/index.php\/wp-json\/wp\/v2\/comments?post=13"}],"version-history":[{"count":13,"href":"https:\/\/mitaoforecast-africa.com\/index.php\/wp-json\/wp\/v2\/pages\/13\/revisions"}],"predecessor-version":[{"id":170,"href":"https:\/\/mitaoforecast-africa.com\/index.php\/wp-json\/wp\/v2\/pages\/13\/revisions\/170"}],"wp:attachment":[{"href":"https:\/\/mitaoforecast-africa.com\/index.php\/wp-json\/wp\/v2\/media?parent=13"}],"curies":[{"name":"wp","href":"https:\/\/api.w.org\/{rel}","templated":true}]}}